{"id":16013,"date":"2020-01-30T19:53:56","date_gmt":"2020-01-30T19:53:56","guid":{"rendered":"https:\/\/nextgensd.com\/?page_id=16013"},"modified":"2020-03-17T22:46:35","modified_gmt":"2020-03-17T22:46:35","slug":"start-a-team","status":"publish","type":"page","link":"https:\/\/nextgensd.com\/es\/start-a-team\/","title":{"rendered":"\u00a1Forma un equipo!"},"content":{"rendered":"\n<div style=\"height:44px\" aria-hidden=\"true\" class=\"wp-block-spacer\"><\/div>\n\n\n\n<p class=\"has-text-color has-medium-font-size has-luminous-vivid-orange-color\">N-Gen se compromete a garantizar la seguridad y el bienestar de nuestra comunidad.<\/p>\n\n\n\n<p class=\"has-text-color has-medium-font-size has-luminous-vivid-orange-color\">Para contribuir a &nbsp;frenar la propagaci\u00f3n de COVID-19 en la regi\u00f3n fronteriza, hemos decidido <strong>posponer el evento BioBlitz de la Frontera 2020 hasta nuevo aviso<\/strong>. Esto incluye a todos los grupos participantes tanto en M\u00e9xico como en los Estados Unidos.<\/p>\n\n\n\n<p class=\"has-text-color has-medium-font-size has-luminous-vivid-orange-color\">Mientras tanto, el proyecto &nbsp;BioBlitz de la Frontera en iNaturalist (<a href=\"https:\/\/www.inaturalist.org\/projects\/border-bioblitz-2020-independent-independiente\" target=\"_blank\" rel=\"noreferrer noopener\">https:\/\/www.inaturalist.org\/projects\/border-bioblitz-2020-independent-independiente<\/a>) sigue activo y los interesados pueden hacer observaciones por su cuenta e identificar observaciones de forma remota. Encuentra m\u00e1s informaci\u00f3n sobre c\u00f3mo identificar observaciones aqu\u00ed (<a href=\"https:\/\/www.inaturalist.org\/blog\/31664-exploring-nature-when-you-re-stuck-at-home\" target=\"_blank\" rel=\"noreferrer noopener\">https:\/\/www.inaturalist.org\/blog\/31664-exploring-nature-when-you-re-stuck-at-home<\/a>). Por favor siga las recomendaciones del CDC (Centro para el Control de Enfermedades), el CENAVECE (Centro Nacional de Vigilancia Epidemiol\u00f3gica y Control de Enfermedades) y los expertos en atenci\u00f3n m\u00e9dica para protegerse y proteger a los miembros vulnerables de la sociedad.<\/p>\n\n\n\n<p class=\"has-text-color has-medium-font-size has-luminous-vivid-orange-color\">Les deaseamos lo mejor en estos momentos de desaf\u00edos.<\/p>\n\n\n\n<p><\/p>\n\n\n\n<div style=\"height:56px\" aria-hidden=\"true\" class=\"wp-block-spacer\"><\/div>\n\n\n\n<hr class=\"wp-block-separator\"\/>\n\n\n\n<p>&nbsp;<\/p>\n\n\n\n<p class=\"has-medium-font-size\">El BioBlitz de la frontera es realizado por equipos que se organizan de forma independiente a lo largo de la frontera. Cada equipo es responsable de organizar y liderar todos los aspectos relacionados con su salida. El fin de semana de inauguraci\u00f3n del BioBlitz de la frontera es el de los d\u00edas <strong>28 y 29 de marzo<\/strong>. <\/p>\n\n\n\n<p class=\"has-medium-font-size\">Esperamos una gran participaci\u00f3n en los eventos de ese fin de semana y continuaremos aceptando datos de eventos posteriores durante todo el mes de <strong>abril (Mes de la ciencia ciudada y el BioBlitz)<\/strong>.<\/p>\n\n\n\n<p><\/p>\n\n\n\n<div style=\"height:60px\" aria-hidden=\"true\" class=\"wp-block-spacer\"><\/div>\n\n\n\n<p style=\"color:#51744c\" class=\"has-text-color has-large-font-size\"><strong>Los requisitos generales para liderar un equipo son:<\/strong><\/p>\n\n\n\n<p class=\"has-medium-font-size\">1. Organizar todos los aspectos relacionados con la salida, incluida la log\u00edstica, las consideraciones de seguridad, la capacitaci\u00f3n y la recopilaci\u00f3n de todos los permisos o licencias necesarios.<\/p>\n\n\n\n<p class=\"has-medium-font-size\">2. Crear un proyecto de colecci\u00f3n en Naturalista para su(s) evento(s) (<a href=\"https:\/\/nextgensd.com\/wp-content\/uploads\/2020\/01\/6-PROYECTOS.pptx\" target=\"_blank\" rel=\"noreferrer noopener\" aria-label=\"descarga aqu\u00ed (opens in a new tab)\">descarga aqu\u00ed<\/a> una gu\u00eda para crear un proyecto en Naturalista*). El proyecto debe tener las siguientes caracter\u00edsticas:<\/p>\n\n\n\n<ul><li>T\u00edtulo: \u201cBioBlitz de la Frontera 2020: [Ubicaci\u00f3n]\u201d&nbsp;<\/li><li>Icon: logotipo del BioBlitz de la Frontera (disponible<a rel=\"noreferrer noopener\" aria-label=\" aqu\u00ed (opens in a new tab)\" href=\"https:\/\/nextgensd.com\/wp-content\/uploads\/2020\/02\/Border-BioBlitz-Logo-Yellow-2.png\" target=\"_blank\"> aqu\u00ed<\/a>)<\/li><li>La ubicaci\u00f3n de tu evento debe aparecer como \u201clugar\u201d en Naturalista (<a href=\"https:\/\/nextgensd.com\/wp-content\/uploads\/2020\/01\/5_1-Lugares-crear-2019.pptx\" target=\"_blank\" rel=\"noreferrer noopener\" aria-label=\"descarga aqu\u00ed  (opens in a new tab)\">descarga aqu\u00ed <\/a>una gu\u00eda para crear un lugar en Naturalista*)<\/li><\/ul>\n\n\n\n<div style=\"height:20px\" aria-hidden=\"true\" class=\"wp-block-spacer\"><\/div>\n\n\n\n<p class=\"has-medium-font-size\">3. Capacitar a los participantes en todos los aspectos relacionados con la salida, incluidas las consideraciones de seguridad y de c\u00f3mo usar la aplicaci\u00f3n Naturalista.<\/p>\n\n\n\n<p class=\"has-medium-font-size\">4. Difundir el BioBlitz de la frontera en tu regi\u00f3n y facilitar la participaci\u00f3n en el evento (hay p\u00f3sters y plantillas de volantes disponibles en el <em><a href=\"https:\/\/nextgensd.com\/wp-content\/uploads\/2020\/02\/kit_borderbioblitz_2020-2.zip\">kit de herramientas para l\u00edderes de equipo<\/a><\/em>).<\/p>\n\n\n\n<p class=\"has-medium-font-size\">5. Documentar y compartir los datos de la participaci\u00f3n en los eventos, dentro de las 2 semanas posteriores a los mismos, para poder realizar el informe final del BioBlitz de la frontera. La documentaci\u00f3n b\u00e1sica incluye el conteo de participantes, las hojas de inscripci\u00f3n (disponibles en el <em><a href=\"https:\/\/nextgensd.com\/wp-content\/uploads\/2020\/02\/kit_borderbioblitz_2020-2.zip\">kit de herramientas para l\u00edderes de equipo<\/a><\/em>) y una foto grupal. Recomendamos, adicionalmente, recopilar fotograf\u00edas, videos y\/o testimonios.<\/p>\n\n\n\n<div style=\"height:20px\" aria-hidden=\"true\" class=\"wp-block-spacer\"><\/div>\n\n\n\n<p>* Gu\u00edas en PowerPoint de: CONABIO et al. (2019) <em>Bases para la Ciencia Ciudadana<\/em>. <a class=\"\" rel=\"noreferrer noopener\" href=\"https:\/\/drive.google.com\/drive\/folders\/1Wov5uwSOiqEhKZTPKaakU2Gt-qL1HP4X\" target=\"_blank\">Disponible aqu\u00ed<\/a>.<\/p>\n\n\n\n<div style=\"height:20px\" aria-hidden=\"true\" class=\"wp-block-spacer\"><\/div>\n\n\n\n<hr class=\"wp-block-separator\"\/>\n\n\n\n<div style=\"height:20px\" aria-hidden=\"true\" class=\"wp-block-spacer\"><\/div>\n\n\n\n<h4 class=\"wp-block-heading\"><strong>Evento regional de inauguraci\u00f3n<\/strong><\/h4>\n\n\n\n<p class=\"has-medium-font-size\">El BioBlitz de la frontera comienza con un evento de inauguraci\u00f3n regional los d\u00edas 28 y 29 de marzo. Los equipos recopilar\u00e1n datos a trav\u00e9s del <a rel=\"noreferrer noopener\" aria-label=\"Proyecto de colecciones Border BioBlitz 2020 (opens in a new tab)\" href=\"https:\/\/www.inaturalist.org\/projects\/border-bioblitz-2020-bioblitz-de-la-frontera-2020\" target=\"_blank\">Proyecto de colecciones Border BioBlitz 2020<\/a> en la plataforma Naturalista\/iNaturalist. Todas las observaciones registradas en estas fechas dentro del pol\u00edgono de la regi\u00f3n fronteriza (ver p\u00e1gina del proyecto) ser\u00e1n agregadas autom\u00e1ticamente a la colecci\u00f3n Border BioBlitz 2020.<\/p>\n\n\n\n<p class=\"has-medium-font-size\">\u00a1\u00c9chale un ojo a nuestra secci\u00f3n de <a href=\"https:\/\/nextgensd.com\/es\/tutoriales-para-lideres-de-equipo\/\" target=\"_blank\" rel=\"noreferrer noopener\" aria-label=\"tutoriales y recursos para l\u00edderes de equipo (opens in a new tab)\">tutoriales y recursos para l\u00edderes de equipo<\/a>! Ah\u00ed podr\u00e1s encontrar informaci\u00f3n y tutoriales para organizar tu evento.<\/p>\n\n\n\n<div style=\"height:20px\" aria-hidden=\"true\" class=\"wp-block-spacer\"><\/div>\n\n\n\n<hr class=\"wp-block-separator\"\/>\n\n\n\n<div style=\"height:20px\" aria-hidden=\"true\" class=\"wp-block-spacer\"><\/div>\n\n\n\n<h4 class=\"wp-block-heading\"><strong>Eventos durante el mes de la ciencia ciudadana y el BioBlitz (abril de 2020)<\/strong><\/h4>\n\n\n\n<p class=\"has-medium-font-size\">Sabemos que las condiciones biol\u00f3gicas y log\u00edsticas a lo largo de la frontera son variadas. Por ello, invitamos a los equipos a realizar eventos adicionales en sus comunidades durante todo el mes de abril con base en su conocimiento de las condiciones locales. Estos eventos pueden ser desde BioBlitzes de un d\u00eda hasta colecciones a lo largo de d\u00edas o semanas<\/p>\n\n\n\n<p class=\"has-medium-font-size\">Si tu equipo har\u00e1 m\u00e1s de un proyecto en Naturalista (por ejemplo, uno para el evento regional de inauguraci\u00f3n y otro para un segundo evento en abril), por favor env\u00eda el enlace de tu p\u00e1gina de proyecto a <strong>nextgensd2012@gmail.com,<\/strong> con el t\u00edtulo \u00abEvento Local del BioBlitz de la frontera\u00bb, para que podamos compilar las p\u00e1ginas de los diferentes proyectos.<\/p>\n\n\n\n<div style=\"height:28px\" aria-hidden=\"true\" class=\"wp-block-spacer\"><\/div>\n\n\n\n<hr class=\"wp-block-separator\"\/>\n\n\n\n<h2 class=\"wp-block-heading\"><strong>Si te gustar\u00eda formar un nuevo equipo, por favor completa <a href=\"https:\/\/docs.google.com\/forms\/d\/e\/1FAIpQLSfyV0WpKolrJMJt2RbPM5-5PfLd1eUcMs1bifp2lm_jPutY-w\/viewform?usp=sf_link\" target=\"_blank\" rel=\"noreferrer noopener\" aria-label=\"este formulario (opens in a new tab)\">este formulario<\/a><\/strong><\/h2>\n\n\n\n<div style=\"height:42px\" aria-hidden=\"true\" class=\"wp-block-spacer\"><\/div>\n\n\n\n<hr class=\"wp-block-separator\"\/>\n\n\n\n<div style=\"height:20px\" aria-hidden=\"true\" class=\"wp-block-spacer\"><\/div>\n\n\n\n<h3 class=\"wp-block-heading\">\u00a1Puedes encontrar informaci\u00f3n y tutoriales para configurar un proyecto y organizar tu evento en nuestra secci\u00f3n de <a href=\"https:\/\/nextgensd.com\/es\/tutoriales-para-lideres-de-equipo\/\" target=\"_blank\" rel=\"noreferrer noopener\" aria-label=\"Tutoriales para l\u00edderes de equipo (opens in a new tab)\">Tutoriales para l\u00edderes de equipo<\/a>!<\/h3>\n\n\n\n<div style=\"height:35px\" aria-hidden=\"true\" class=\"wp-block-spacer\"><\/div>\n\n\n\n<hr class=\"wp-block-separator\"\/>\n\n\n\n<div style=\"height:39px\" aria-hidden=\"true\" class=\"wp-block-spacer\"><\/div>\n\n\n\n<div class=\"wp-block-columns has-2-columns is-layout-flex wp-container-core-columns-is-layout-1 wp-block-columns-is-layout-flex\">\n<div class=\"wp-block-column is-layout-flow wp-block-column-is-layout-flow\">\n<p class=\"has-medium-font-size\">\u00a1Los recursos para l\u00edderes de equipo, tales como carteles y plantillas de volantes, hojas de registro y kits de redes sociales est\u00e1n disponibles en nuestro<em> kit de herramientas para l\u00edderes de equipo!<\/em><\/p>\n<\/div>\n\n\n\n<div class=\"wp-block-column is-layout-flow wp-block-column-is-layout-flow\">\n<div class=\"wp-block-button aligncenter is-style-default\"><a class=\"wp-block-button__link has-text-color has-very-dark-gray-color has-background has-luminous-vivid-amber-background-color\" href=\"https:\/\/nextgensd.com\/wp-content\/uploads\/2020\/02\/kit_borderbioblitz_2020-2.zip\">Descarga el Kit de Herramientas para L\u00edderes de Equipo<\/a><\/div>\n\n\n\n<p><\/p>\n<\/div>\n<\/div>\n\n\n\n<div style=\"height:34px\" aria-hidden=\"true\" class=\"wp-block-spacer\"><\/div>\n\n\n\n<hr class=\"wp-block-separator\"\/>\n\n\n\n<div style=\"height:44px\" aria-hidden=\"true\" class=\"wp-block-spacer\"><\/div>\n\n\n\n<p style=\"text-align:center\" class=\"has-medium-font-size\"><strong>\u00bfAlguna pregunta? Estamos para apoyarte en nextgensd2012@gmail.com<\/strong><\/p>\n\n\n\n<p><\/p>\n","protected":false},"excerpt":{"rendered":"<p>N-Gen se compromete a garantizar la seguridad y el bienestar de nuestra comunidad. Para contribuir a &nbsp;frenar la propagaci\u00f3n de COVID-19 en la regi\u00f3n fronteriza, hemos decidido posponer el evento BioBlitz de la Frontera 2020 hasta nuevo aviso. Esto incluye a todos los grupos participantes tanto en M\u00e9xico como en los Estados Unidos. Mientras tanto, [&hellip;]<\/p>\n","protected":false},"author":11,"featured_media":0,"parent":0,"menu_order":0,"comment_status":"closed","ping_status":"closed","template":"","meta":{"footnotes":""},"acf":[],"_links":{"self":[{"href":"https:\/\/nextgensd.com\/es\/wp-json\/wp\/v2\/pages\/16013"}],"collection":[{"href":"https:\/\/nextgensd.com\/es\/wp-json\/wp\/v2\/pages"}],"about":[{"href":"https:\/\/nextgensd.com\/es\/wp-json\/wp\/v2\/types\/page"}],"author":[{"embeddable":true,"href":"https:\/\/nextgensd.com\/es\/wp-json\/wp\/v2\/users\/11"}],"replies":[{"embeddable":true,"href":"https:\/\/nextgensd.com\/es\/wp-json\/wp\/v2\/comments?post=16013"}],"version-history":[{"count":23,"href":"https:\/\/nextgensd.com\/es\/wp-json\/wp\/v2\/pages\/16013\/revisions"}],"predecessor-version":[{"id":16789,"href":"https:\/\/nextgensd.com\/es\/wp-json\/wp\/v2\/pages\/16013\/revisions\/16789"}],"wp:attachment":[{"href":"https:\/\/nextgensd.com\/es\/wp-json\/wp\/v2\/media?parent=16013"}],"curies":[{"name":"wp","href":"https:\/\/api.w.org\/{rel}","templated":true}]}}